{"id":1365,"date":"2013-11-08T16:04:16","date_gmt":"2013-11-08T14:04:16","guid":{"rendered":"https:\/\/www.sobotta.de\/impressum\/"},"modified":"2019-12-16T07:23:08","modified_gmt":"2019-12-16T05:23:08","slug":"imprint","status":"publish","type":"page","link":"https:\/\/www.sobotta.de\/en\/imprint\/","title":{"rendered":"Imprint"},"content":{"rendered":"<div class=\"wpb-content-wrapper\"><p>[vc_row][vc_column][vc_column_text]<\/p>\n<h1>Imprint<\/h1>\n<h2>Angaben gem\u00e4\u00df \u00a7 5 TMG:<\/h2>\n<p>Sobotta GmbH Sondermaschinenbau<br \/>\nOhlenhohnstra\u00dfe 27-29<\/p>\n<p>D-53819 Neunkirchen-Seelscheid[\/vc_column_text][\/vc_column][\/vc_row][vc_row][vc_column][vc_column_text]<\/p>\n<h2>Vertreten durch:<\/h2>\n<p>Dipl.-Ing. (FH) Bernhard Sobotta<\/p>\n<p>Dipl.-Wirt. Ing. (FH) Christine Schlimbach[\/vc_column_text][\/vc_column][\/vc_row][vc_row][vc_column][vc_column_text]<\/p>\n<h2>Kontakt:<\/h2>\n<table>\n<tbody>\n<tr>\n<td>Telefon:<\/td>\n<td>+49 (0) 2247 \/ 900 00-0<\/td>\n<\/tr>\n<tr>\n<td>Telefax:<\/td>\n<td>+49 (0) 2247 \/ 900 00-30<\/td>\n<\/tr>\n<tr>\n<td>E-Mail:<\/td>\n<td><a href=\"mailto:info@sobotta.de\">info@sobotta.de<\/a><\/td>\n<\/tr>\n<\/tbody>\n<\/table>\n<p>[\/vc_column_text][\/vc_column][\/vc_row][vc_row][vc_column][vc_column_text]<\/p>\n<h2>Registereintrag:<\/h2>\n<p>Eintragung im Handelsregister<br \/>\nRegistergericht: Amtsgericht Siegburg<br \/>\nRegisternummer: HRB 2382[\/vc_column_text][\/vc_column][\/vc_row][vc_row][vc_column][vc_column_text]<\/p>\n<h2>Umsatzsteuer-ID:<\/h2>\n<p>Umsatzsteuer-Identifikationsnummer gem\u00e4\u00df \u00a727 a Umsatzsteuergesetz:<\/p>\n<p>DE814376918[\/vc_column_text][\/vc_column][\/vc_row][vc_row][vc_column][vc_column_text]<\/p>\n<h2>Quellenangaben f\u00fcr die verwendeten Bilder und Grafiken:<\/h2>\n<p>Fotolia, Shutterstock, Google<\/p>\n<p>Quelle: <em><a href=\"http:\/\/www.e-recht24.de\" rel=\"nofollow\">http:\/\/www.e-recht24.de<\/a><\/em>[\/vc_column_text][\/vc_column][\/vc_row][vc_row][vc_column][vc_column_text]<\/p>\n<h1>Haftungsausschluss (Disclaimer)<\/h1>\n<p><strong>Haftung f\u00fcr Inhalte<\/strong><\/p>\n<p>Als Diensteanbieter sind wir gem\u00e4\u00df \u00a7 7 Abs.1 TMG f\u00fcr eigene Inhalte auf diesen Seiten nach den allgemeinen Gesetzen verantwortlich. Nach \u00a7\u00a7 8 bis 10 TMG sind wir als Diensteanbieter jedoch nicht verpflichtet, \u00fcbermittelte oder gespeicherte fremde Informationen zu \u00fcberwachen oder nach Umst\u00e4nden zu forschen, die auf eine rechtswidrige T\u00e4tigkeit hinweisen. Verpflichtungen zur Entfernung oder Sperrung der Nutzung von Informationen nach den allgemeinen Gesetzen bleiben hiervon unber\u00fchrt. Eine diesbez\u00fcgliche Haftung ist jedoch erst ab dem Zeitpunkt der Kenntnis einer konkreten Rechtsverletzung m\u00f6glich. Bei Bekanntwerden von entsprechenden Rechtsverletzungen werden wir diese Inhalte umgehend entfernen.<\/p>\n<p><strong>Haftung f\u00fcr Links<\/strong><\/p>\n<p>Unser Angebot enth\u00e4lt Links zu externen Webseiten Dritter, auf deren Inhalte wir keinen Einfluss haben. Deshalb k\u00f6nnen wir f\u00fcr diese fremden Inhalte auch keine Gew\u00e4hr \u00fcbernehmen. F\u00fcr die Inhalte der verlinkten Seiten ist stets der jeweilige Anbieter oder Betreiber der Seiten verantwortlich. Die verlinkten Seiten wurden zum Zeitpunkt der Verlinkung auf m\u00f6gliche Rechtsverst\u00f6\u00dfe \u00fcberpr\u00fcft. Rechtswidrige Inhalte waren zum Zeitpunkt der Verlinkung nicht erkennbar. Eine permanente inhaltliche Kontrolle der verlinkten Seiten ist jedoch ohne konkrete Anhaltspunkte einer Rechtsverletzung nicht zumutbar. Bei Bekanntwerden von Rechtsverletzungen werden wir derartige Links umgehend entfernen.<\/p>\n<p><strong>Urheberrecht<\/strong><\/p>\n<p>Die durch die Seitenbetreiber erstellten Inhalte und Werke auf diesen Seiten unterliegen dem deutschen Urheberrecht. Die Vervielf\u00e4ltigung, Bearbeitung, Verbreitung und jede Art der Verwertung au\u00dferhalb der Grenzen des Urheberrechtes bed\u00fcrfen der schriftlichen Zustimmung des jeweiligen Autors bzw. Erstellers. Downloads und Kopien dieser Seite sind nur f\u00fcr den privaten, nicht kommerziellen Gebrauch gestattet. Soweit die Inhalte auf dieser Seite nicht vom Betreiber erstellt wurden, werden die Urheberrechte Dritter beachtet. Insbesondere werden Inhalte Dritter als solche gekennzeichnet. Sollten Sie trotzdem auf eine Urheberrechtsverletzung aufmerksam werden, bitten wir um einen entsprechenden Hinweis. Bei Bekanntwerden von Rechtsverletzungen werden wir derartige Inhalte umgehend entfernen.[\/vc_column_text][\/vc_column][\/vc_row]<\/p>\n<\/div>","protected":false},"excerpt":{"rendered":"<p>[vc_row][vc_column][vc_column_text] Imprint Angaben gem\u00e4\u00df \u00a7 5 TMG: Sobotta GmbH Sondermaschinenbau Ohlenhohnstra\u00dfe 27-29 D-53819 Neunkirchen-Seelscheid[\/vc_column_text][\/vc_column][\/vc_row][vc_row][vc_column][vc_column_text] Vertreten durch: Dipl.-Ing. (FH) Bernhard Sobotta Dipl.-Wirt. Ing. (FH) Christine Schlimbach[\/vc_column_text][\/vc_column][\/vc_row][vc_row][vc_column][vc_column_text] Kontakt: Telefon: +49 (0) 2247 \/ 900 00-0 Telefax: +49 (0) 2247 \/ 900 00-30 E-Mail: info@sobotta.de [\/vc_column_text][\/vc_column][\/vc_row][vc_row][vc_column][vc_column_text] Registereintrag: Eintragung im Handelsregister Registergericht: Amtsgericht Siegburg Registernummer: HRB 2382[\/vc_column_text][\/vc_column][\/vc_row][vc_row][vc_column][vc_column_text] Umsatzsteuer-ID: Umsatzsteuer-Identifikationsnummer&hellip;<\/p>\n","protected":false},"author":1,"featured_media":0,"parent":0,"menu_order":80,"comment_status":"closed","ping_status":"closed","template":"","meta":{"footnotes":""},"class_list":["post-1365","page","type-page","status-publish","hentry","description-off"],"yoast_head":"<!-- This site is optimized with the Yoast SEO plugin v24.0 - https:\/\/yoast.com\/wordpress\/plugins\/seo\/ -->\n<title>Imprint - SOBOTTA GmbH<\/title>\n<meta name=\"robots\" content=\"index, follow, max-snippet:-1, max-image-preview:large, max-video-preview:-1\" \/>\n<link rel=\"canonical\" href=\"https:\/\/www.sobotta.de\/en\/imprint\/\" \/>\n<meta property=\"og:locale\" content=\"en_US\" \/>\n<meta property=\"og:type\" content=\"article\" \/>\n<meta property=\"og:title\" content=\"Imprint - SOBOTTA GmbH\" \/>\n<meta property=\"og:description\" content=\"[vc_row][vc_column][vc_column_text] Imprint Angaben gem\u00e4\u00df \u00a7 5 TMG: Sobotta GmbH Sondermaschinenbau Ohlenhohnstra\u00dfe 27-29 D-53819 Neunkirchen-Seelscheid[\/vc_column_text][\/vc_column][\/vc_row][vc_row][vc_column][vc_column_text] Vertreten durch: Dipl.-Ing. (FH) Bernhard Sobotta Dipl.-Wirt. Ing. (FH) Christine Schlimbach[\/vc_column_text][\/vc_column][\/vc_row][vc_row][vc_column][vc_column_text] Kontakt: Telefon: +49 (0) 2247 \/ 900 00-0 Telefax: +49 (0) 2247 \/ 900 00-30 E-Mail: info@sobotta.de [\/vc_column_text][\/vc_column][\/vc_row][vc_row][vc_column][vc_column_text] Registereintrag: Eintragung im Handelsregister Registergericht: Amtsgericht Siegburg Registernummer: HRB 2382[\/vc_column_text][\/vc_column][\/vc_row][vc_row][vc_column][vc_column_text] Umsatzsteuer-ID: Umsatzsteuer-Identifikationsnummer&hellip;\" \/>\n<meta property=\"og:url\" content=\"https:\/\/www.sobotta.de\/en\/imprint\/\" \/>\n<meta property=\"og:site_name\" content=\"SOBOTTA GmbH\" \/>\n<meta property=\"article:modified_time\" content=\"2019-12-16T05:23:08+00:00\" \/>\n<meta name=\"twitter:card\" content=\"summary_large_image\" \/>\n<meta name=\"twitter:label1\" content=\"Est. reading time\" \/>\n\t<meta name=\"twitter:data1\" content=\"2 minutes\" \/>\n<script type=\"application\/ld+json\" class=\"yoast-schema-graph\">{\"@context\":\"https:\/\/schema.org\",\"@graph\":[{\"@type\":\"WebPage\",\"@id\":\"https:\/\/www.sobotta.de\/en\/imprint\/\",\"url\":\"https:\/\/www.sobotta.de\/en\/imprint\/\",\"name\":\"Imprint - SOBOTTA GmbH\",\"isPartOf\":{\"@id\":\"https:\/\/www.sobotta.de\/#website\"},\"datePublished\":\"2013-11-08T14:04:16+00:00\",\"dateModified\":\"2019-12-16T05:23:08+00:00\",\"breadcrumb\":{\"@id\":\"https:\/\/www.sobotta.de\/en\/imprint\/#breadcrumb\"},\"inLanguage\":\"en-US\",\"potentialAction\":[{\"@type\":\"ReadAction\",\"target\":[\"https:\/\/www.sobotta.de\/en\/imprint\/\"]}]},{\"@type\":\"BreadcrumbList\",\"@id\":\"https:\/\/www.sobotta.de\/en\/imprint\/#breadcrumb\",\"itemListElement\":[{\"@type\":\"ListItem\",\"position\":1,\"name\":\"Startseite\",\"item\":\"https:\/\/www.sobotta.de\/en\/\"},{\"@type\":\"ListItem\",\"position\":2,\"name\":\"Imprint\"}]},{\"@type\":\"WebSite\",\"@id\":\"https:\/\/www.sobotta.de\/#website\",\"url\":\"https:\/\/www.sobotta.de\/\",\"name\":\"SOBOTTA GmbH\",\"description\":\"\",\"potentialAction\":[{\"@type\":\"SearchAction\",\"target\":{\"@type\":\"EntryPoint\",\"urlTemplate\":\"https:\/\/www.sobotta.de\/?s={search_term_string}\"},\"query-input\":{\"@type\":\"PropertyValueSpecification\",\"valueRequired\":true,\"valueName\":\"search_term_string\"}}],\"inLanguage\":\"en-US\"}]}<\/script>\n<!-- \/ Yoast SEO plugin. -->","yoast_head_json":{"title":"Imprint - SOBOTTA GmbH","robots":{"index":"index","follow":"follow","max-snippet":"max-snippet:-1","max-image-preview":"max-image-preview:large","max-video-preview":"max-video-preview:-1"},"canonical":"https:\/\/www.sobotta.de\/en\/imprint\/","og_locale":"en_US","og_type":"article","og_title":"Imprint - SOBOTTA GmbH","og_description":"[vc_row][vc_column][vc_column_text] Imprint Angaben gem\u00e4\u00df \u00a7 5 TMG: Sobotta GmbH Sondermaschinenbau Ohlenhohnstra\u00dfe 27-29 D-53819 Neunkirchen-Seelscheid[\/vc_column_text][\/vc_column][\/vc_row][vc_row][vc_column][vc_column_text] Vertreten durch: Dipl.-Ing. (FH) Bernhard Sobotta Dipl.-Wirt. Ing. (FH) Christine Schlimbach[\/vc_column_text][\/vc_column][\/vc_row][vc_row][vc_column][vc_column_text] Kontakt: Telefon: +49 (0) 2247 \/ 900 00-0 Telefax: +49 (0) 2247 \/ 900 00-30 E-Mail: info@sobotta.de [\/vc_column_text][\/vc_column][\/vc_row][vc_row][vc_column][vc_column_text] Registereintrag: Eintragung im Handelsregister Registergericht: Amtsgericht Siegburg Registernummer: HRB 2382[\/vc_column_text][\/vc_column][\/vc_row][vc_row][vc_column][vc_column_text] Umsatzsteuer-ID: Umsatzsteuer-Identifikationsnummer&hellip;","og_url":"https:\/\/www.sobotta.de\/en\/imprint\/","og_site_name":"SOBOTTA GmbH","article_modified_time":"2019-12-16T05:23:08+00:00","twitter_card":"summary_large_image","twitter_misc":{"Est. reading time":"2 minutes"},"schema":{"@context":"https:\/\/schema.org","@graph":[{"@type":"WebPage","@id":"https:\/\/www.sobotta.de\/en\/imprint\/","url":"https:\/\/www.sobotta.de\/en\/imprint\/","name":"Imprint - SOBOTTA GmbH","isPartOf":{"@id":"https:\/\/www.sobotta.de\/#website"},"datePublished":"2013-11-08T14:04:16+00:00","dateModified":"2019-12-16T05:23:08+00:00","breadcrumb":{"@id":"https:\/\/www.sobotta.de\/en\/imprint\/#breadcrumb"},"inLanguage":"en-US","potentialAction":[{"@type":"ReadAction","target":["https:\/\/www.sobotta.de\/en\/imprint\/"]}]},{"@type":"BreadcrumbList","@id":"https:\/\/www.sobotta.de\/en\/imprint\/#breadcrumb","itemListElement":[{"@type":"ListItem","position":1,"name":"Startseite","item":"https:\/\/www.sobotta.de\/en\/"},{"@type":"ListItem","position":2,"name":"Imprint"}]},{"@type":"WebSite","@id":"https:\/\/www.sobotta.de\/#website","url":"https:\/\/www.sobotta.de\/","name":"SOBOTTA GmbH","description":"","potentialAction":[{"@type":"SearchAction","target":{"@type":"EntryPoint","urlTemplate":"https:\/\/www.sobotta.de\/?s={search_term_string}"},"query-input":{"@type":"PropertyValueSpecification","valueRequired":true,"valueName":"search_term_string"}}],"inLanguage":"en-US"}]}},"_links":{"self":[{"href":"https:\/\/www.sobotta.de\/en\/wp-json\/wp\/v2\/pages\/1365","targetHints":{"allow":["GET"]}}],"collection":[{"href":"https:\/\/www.sobotta.de\/en\/wp-json\/wp\/v2\/pages"}],"about":[{"href":"https:\/\/www.sobotta.de\/en\/wp-json\/wp\/v2\/types\/page"}],"author":[{"embeddable":true,"href":"https:\/\/www.sobotta.de\/en\/wp-json\/wp\/v2\/users\/1"}],"replies":[{"embeddable":true,"href":"https:\/\/www.sobotta.de\/en\/wp-json\/wp\/v2\/comments?post=1365"}],"version-history":[{"count":0,"href":"https:\/\/www.sobotta.de\/en\/wp-json\/wp\/v2\/pages\/1365\/revisions"}],"wp:attachment":[{"href":"https:\/\/www.sobotta.de\/en\/wp-json\/wp\/v2\/media?parent=1365"}],"curies":[{"name":"wp","href":"https:\/\/api.w.org\/{rel}","templated":true}]}}